{"id":3958,"date":"2023-10-25T12:47:27","date_gmt":"2023-10-25T16:47:27","guid":{"rendered":"https:\/\/resautomatisation.com\/?page_id=3958"},"modified":"2024-09-04T13:18:57","modified_gmt":"2024-09-04T17:18:57","slug":"privacy-policy","status":"publish","type":"page","link":"https:\/\/resautomatisation.com\/en\/privacy-policy\/","title":{"rendered":"Privacy policy"},"content":{"rendered":"<div class=\"wpb-content-wrapper\"><p>[vc_row][vc_column][vc_column_text]<\/p>\n<h2 class=\"vc_custom_heading title\">Introduction<\/h2>\n<div>Devant le d\u00e9veloppement des nouveaux outils de communication, il est n\u00e9cessaire de porter une attention particuli\u00e8re \u00e0 la protection de la vie priv\u00e9e. C\u2019est pourquoi, RES Automatisation Contr\u00f4le s&#8217;engage \u00e0 respecter la confidentialit\u00e9 des renseignements personnels que nous collectons.<\/div>\n<h3>Informations juridiques<\/h3>\n<p><strong>Coordonn\u00e9es<br \/>\n<\/strong>RES Automatisation Contr\u00f4le<br \/>\n1151, Arthur-Danis<br \/>\nGranby, Qu\u00e9bec J2J 0T3<br \/>\nT\u00e9l\u00e9phone : 450-777-0908<br \/>\nCourriel : <a href=\"mailto:info@resautomatisation.com\">info@resautomatisation.com<\/a><\/p>\n<h3 class=\"wp-block-heading\">Responsable de la protection des renseignements personnels<\/h3>\n<p>Samanta Pelletier, contr\u00f4leure est la personne responsable de la protection des renseignements personnels. Elle peut \u00eatre rejointe par courriel \u00e0 l&#8217;adresse <a href=\"mailto:lprpde@resautomatisation.com\">lprpde@resautomatisation.com<\/a> ou par t\u00e9l\u00e9phone au 450-777-0908.<\/p>\n<h3>Collecte des renseignements personnels<\/h3>\n<ul>\n<li>Pr\u00e9nom<\/li>\n<li>Adresse postale<\/li>\n<li>Code postal<\/li>\n<li>Adresse \u00e9lectronique<\/li>\n<li>Num\u00e9ro de t\u00e9l\u00e9phone \/ t\u00e9l\u00e9copieur<\/li>\n<\/ul>\n<p>Les renseignements personnels que nous collectons sont recueillis au travers de formulaires et gr\u00e2ce \u00e0 l\u2019interactivit\u00e9 \u00e9tablie entre vous et notre site Web. Nous utilisons \u00e9galement, comme indiqu\u00e9 dans la section suivante, des fichiers t\u00e9moins et\/ou journaux pour r\u00e9unir des informations vous concernant.<\/p>\n<h3>Formulaires et interactivit\u00e9:<\/h3>\n<p>Vos renseignements personnels sont collect\u00e9s par le biais de formulaire, \u00e0 savoir :<\/p>\n<ul>\n<li>Formulaire d&#8217;inscription au site Web<\/li>\n<\/ul>\n<p>Nous utilisons les renseignements ainsi collect\u00e9s pour les finalit\u00e9s suivantes :<\/p>\n<ul>\n<li>Informations \/ Offres promotionnelles<\/li>\n<li>Statistiques<\/li>\n<li>Contact<\/li>\n<\/ul>\n<p>Vos renseignements sont \u00e9galement collect\u00e9s par le biais de l\u2019interactivit\u00e9 pouvant s\u2019\u00e9tablir entre vous et notre site Web et ce, de la fa\u00e7on suivante:<\/p>\n<ul>\n<li>Commentaires<\/li>\n<li>Correspondance<\/li>\n<\/ul>\n<p>Nous utilisons les renseignements ainsi collect\u00e9s pour les finalit\u00e9s suivantes :<\/p>\n<ul>\n<li>Informations ou pour des offres promotionnelles<\/li>\n<li>Statistiques<\/li>\n<li>Contact<\/li>\n<\/ul>\n<h3>Droit d\u2019opposition et de retrait<\/h3>\n<p>Nous nous engageons \u00e0 reconna\u00eetre un droit d\u2019acc\u00e8s, d\u2019opposition ou de retrait quant aux renseignements personnels.<\/p>\n<p>Pour en savoir plus ou pour exercer ces droits, vous pouvez contacter la personne responsable de la protection des renseignements personnels.<\/p>\n<h3>Security<\/h3>\n<p>Les renseignements personnels que nous collectons sont conserv\u00e9s dans un environnement s\u00e9curis\u00e9. Les personnes travaillant pour nous sont tenues de respecter la confidentialit\u00e9 de vos informations.<\/p>\n<div>Pour assurer la s\u00e9curit\u00e9 de vos renseignements personnels, nous avons recours aux mesures suivantes :<\/div>\n<div>\n<ul>\n<li>Protocole SSL<\/li>\n<li>Logiciel de surveillance du r\u00e9seau<\/li>\n<li>Sauvegarde informatique<\/li>\n<li>Identifiant \/ mot de passe<\/li>\n<li>Pare-feu<\/li>\n<\/ul>\n<\/div>\n<p>Nous nous engageons \u00e0 maintenir un haut degr\u00e9 de confidentialit\u00e9 en int\u00e9grant les derni\u00e8res innovations technologiques permettant d\u2019assurer la confidentialit\u00e9 de vos transactions. Toutefois, comme aucun m\u00e9canisme n\u2019offre une s\u00e9curit\u00e9 maximale, une part de risque est toujours pr\u00e9sente lorsque l\u2019on utilise Internet pour transmettre des renseignements personnels.<\/p>\n<h3>Fichiers t\u00e9moins (cookies)<\/h3>\n<p>Le site Web de RES Automatisation Contr\u00f4le utilise les fichiers t\u00e9moins (cookies) pour am\u00e9liorer l\u2019exp\u00e9rience sur le site Web et \u00e0 des fins statistiques.<\/p>\n<p><a href=\"https:\/\/resautomatisation.com\/en\/cookie-policy\/\">En savoir plus sur la politique relative aux cookies.<\/a><\/p>\n<h3>Dur\u00e9e de conservation des donn\u00e9es<\/h3>\n<p>Les donn\u00e9es r\u00e9colt\u00e9es par le formulaire de contact sont achemin\u00e9es par courriel. Les courriels seront conserv\u00e9s aussi longtemps que n\u00e9cessaire afin de communiquer au sujet d\u2019une demande.<\/p>\n<p>L\u2019acc\u00e8s \u00e0 notre serveur physique est accessible uniquement aux personnes ayant droit d\u2019y acc\u00e9der.<\/p>\n<h3>D\u00e9claration d\u2019incident<\/h3>\n<p>Dans le cas o\u00f9 surviendrait un incident affectant la protection des renseignements personnels, RES Automatisation Contr\u00f4le s\u2019engage \u00e0 informer les utilisateurs.<\/p>\n<h3>L\u00e9gislation<\/h3>\n<p>Nous nous engageons \u00e0 respecter les dispositions l\u00e9gislatives \u00e9nonc\u00e9es dans la l\u00e9gislation provinciale.<\/p>\n<h3>Changements sans pr\u00e9avis<\/h3>\n<p>Les conditions mentionn\u00e9es dans cette politique de confidentialit\u00e9 peuvent \u00eatre modifi\u00e9es \u00e0 tout moment et sans pr\u00e9vis.[\/vc_column_text][\/vc_column][\/vc_row]<\/p>\n<\/div>","protected":false},"excerpt":{"rendered":"<p>[vc_row][vc_column][vc_column_text] Introduction Devant le d\u00e9veloppement des nouveaux outils de communication, il est n\u00e9cessaire de porter une attention particuli\u00e8re \u00e0 la protection de la vie priv\u00e9e. C\u2019est pourquoi, RES Automatisation Contr\u00f4le s&#8217;engage \u00e0 respecter la confidentialit\u00e9 des renseignements personnels que nous collectons. Informations juridiques Coordonn\u00e9es RES Automatisation Contr\u00f4le 1151, Arthur-Danis Granby, Qu\u00e9bec J2J 0T3 T\u00e9l\u00e9phone : 450-777-0908 Courriel : info@resautomatisation.com Responsable de la protection des renseignements personnels Samanta Pelletier, contr\u00f4leure est la personne responsable de la protection des renseignements &hellip;<\/p>\n","protected":false},"author":1004,"featured_media":0,"parent":0,"menu_order":0,"comment_status":"closed","ping_status":"closed","template":"","meta":{"_acf_changed":false,"footnotes":""},"class_list":["post-3958","page","type-page","status-publish","hentry"],"acf":[],"_links":{"self":[{"href":"https:\/\/resautomatisation.com\/en\/wp-json\/wp\/v2\/pages\/3958","targetHints":{"allow":["GET"]}}],"collection":[{"href":"https:\/\/resautomatisation.com\/en\/wp-json\/wp\/v2\/pages"}],"about":[{"href":"https:\/\/resautomatisation.com\/en\/wp-json\/wp\/v2\/types\/page"}],"author":[{"embeddable":true,"href":"https:\/\/resautomatisation.com\/en\/wp-json\/wp\/v2\/users\/1004"}],"replies":[{"embeddable":true,"href":"https:\/\/resautomatisation.com\/en\/wp-json\/wp\/v2\/comments?post=3958"}],"version-history":[{"count":0,"href":"https:\/\/resautomatisation.com\/en\/wp-json\/wp\/v2\/pages\/3958\/revisions"}],"wp:attachment":[{"href":"https:\/\/resautomatisation.com\/en\/wp-json\/wp\/v2\/media?parent=3958"}],"curies":[{"name":"wp","href":"https:\/\/api.w.org\/{rel}","templated":true}]}}